{"id":583,"date":"2017-01-18T14:31:18","date_gmt":"2017-01-18T13:31:18","guid":{"rendered":"http:\/\/www.scalp-optic-hair.com\/en\/?page_id=583"},"modified":"2018-05-21T21:17:47","modified_gmt":"2018-05-21T19:17:47","slug":"imprint","status":"publish","type":"page","link":"https:\/\/www.scalp-optic-hair.com\/en\/imprint\/","title":{"rendered":"Imprint"},"content":{"rendered":"<h1>Imprint<\/h1>\n<p><strong>SCALP\u00a0OPTIC HAIR<br \/>\n<\/strong>by MS GAUBE Kosmetik GmbH<br \/>\nSchwimmschulkai 108<br \/>\n8010 Graz<br \/>\nAUSTRIA<\/p>\n<p>Tel.: +43-316-682470<br \/>\n<a href=\"mailto:office@scalp-optic-hair.com\">office@scalp-optic-hair.com<\/a><br \/>\n<a href=\"http:\/\/www.scalp-optic-hair.com\">www.scalp-optic-hair.com<\/a><\/p>\n<p>&nbsp;<\/p>\n<p>CEO: Martina Silly-Gaube<br \/>\nBeh\u00f6rde gem. ECG: Magistrat der Stadt Graz<br \/>\nFirmenbuchgericht: Landesgericht f\u00fcr Zivilrechtssachen Graz<br \/>\nFirmenbuchnummer: FN 307527 x<br \/>\nUID: ATU64034413<br \/>\nKammerzugeh\u00f6rigkeit: Wirtschaftskammer \u00d6sterreich<br \/>\nGewerbe: Unterrichtst\u00e4tigkeit (ausgenommen aus der Gewerbeordnung), Handelsgewerbe, Kosmetik<br \/>\nRechtsvorschriften: <a href=\"http:\/\/www.ris.bka.gv.at\/\" rel=\"nofollow\">www.ris.bka.gv.at<\/a><br \/>\nBilderquellen: Gaube Kosmetik; Jean Van L\u00fclik \/ <a href=\"http:\/\/www.jeanvanluelik.at\/\">jeanvanluelik.at<\/a>; Teresa Rothwangl \/ <a href=\"http:\/\/camera-obscura.at\/\" rel=\"nofollow\">camera-obscura.at<\/a>; fotolia.com<br \/>\nDesign und technische Umsetzung des Webauftritts: <a href=\"http:\/\/www.schlager.it\" rel=\"follow\">Schlager IT Webdesign<\/a><\/p>\n","protected":false},"excerpt":{"rendered":"<p>Imprint SCALP\u00a0OPTIC HAIR by MS GAUBE Kosmetik GmbH Schwimmschulkai 108 8010 Graz AUSTRIA Tel.: +43-316-682470 office@scalp-optic-hair.com www.scalp-optic-hair.com &nbsp; CEO: Martina Silly-Gaube Beh\u00f6rde gem. ECG: Magistrat der Stadt Graz Firmenbuchgericht: Landesgericht f\u00fcr Zivilrechtssachen Graz Firmenbuchnummer: FN 307527 x UID: ATU64034413 Kammerzugeh\u00f6rigkeit: Wirtschaftskammer \u00d6sterreich Gewerbe: Unterrichtst\u00e4tigkeit (ausgenommen aus der Gewerbeordnung), Handelsgewerbe, Kosmetik Rechtsvorschriften: www.ris.bka.gv.at Bilderquellen: Gaube Kosmetik; [&hellip;]<\/p>\n","protected":false},"author":2,"featured_media":0,"parent":0,"menu_order":0,"comment_status":"closed","ping_status":"closed","template":"","meta":[],"acf":[],"_links":{"self":[{"href":"https:\/\/www.scalp-optic-hair.com\/en\/wp-json\/wp\/v2\/pages\/583"}],"collection":[{"href":"https:\/\/www.scalp-optic-hair.com\/en\/wp-json\/wp\/v2\/pages"}],"about":[{"href":"https:\/\/www.scalp-optic-hair.com\/en\/wp-json\/wp\/v2\/types\/page"}],"author":[{"embeddable":true,"href":"https:\/\/www.scalp-optic-hair.com\/en\/wp-json\/wp\/v2\/users\/2"}],"replies":[{"embeddable":true,"href":"https:\/\/www.scalp-optic-hair.com\/en\/wp-json\/wp\/v2\/comments?post=583"}],"version-history":[{"count":3,"href":"https:\/\/www.scalp-optic-hair.com\/en\/wp-json\/wp\/v2\/pages\/583\/revisions"}],"predecessor-version":[{"id":763,"href":"https:\/\/www.scalp-optic-hair.com\/en\/wp-json\/wp\/v2\/pages\/583\/revisions\/763"}],"wp:attachment":[{"href":"https:\/\/www.scalp-optic-hair.com\/en\/wp-json\/wp\/v2\/media?parent=583"}],"curies":[{"name":"wp","href":"https:\/\/api.w.org\/{rel}","templated":true}]}}