{"id":1069,"date":"2018-05-21T20:33:37","date_gmt":"2018-05-21T18:33:37","guid":{"rendered":"https:\/\/www.scalp-optic-hair.com\/datenschutzerklaerung\/"},"modified":"2022-09-06T14:43:54","modified_gmt":"2022-09-06T12:43:54","slug":"datenschutzerklaerung","status":"publish","type":"page","link":"https:\/\/www.scalp-optic-hair.com\/en\/datenschutzerklaerung\/","title":{"rendered":"Datenschutzerkl\u00e4rung"},"content":{"rendered":"<p><!-- https:\/\/dse-generator.pixelpoint.at\/?dseversion=4&contact-full=MS+Gaube+Kosmetik+GmbH%2C+Schwimmschulkai+108%2C+8010+Graz%2C+%C3%96sterreich&contact-email=office%40gaube-kosmetik.at&topic-10=1&topic-25=1&topic-30=1&topic-50=1&topic-50-80=1&topic-50-160=1&topic-60=1&topic-70=1&topic-80=1&topic-90=1&topic-100=1&topic-110=1&topic-110-10=1&topic-110-20=1&topic-110-30=1&heading_level_start=1&heading_numbering=&heading_anchor=tag&submit=DSE+jetzt+generieren%21 --><\/p>\n<h1><a name=\"pp-data-policy-topic-00\"><\/a>Datenschutzerkl\u00e4rung<\/h1>\n<p>\n\tDiese Website wird betrieben von: MS Gaube Kosmetik GmbH, Schwimmschulkai 108, 8010 Graz, &Ouml;sterreich. Diese Mitteilung beschreibt, wie Ihre personenbezogenen Daten im Zusammenhang mit dieser Website verarbeitet werden.\n<\/p>\n<p><a href=\"#pp-data-policy-topic-25\">Zu den Cookie-\/Datenschutzeinstellungen (Widerruf der Zustimmung)<\/a><\/p>\n<h2><a name=\"pp-data-policy-topic-10\"><\/a>1. Welche Daten wir \u00fcber Sie verarbeiten<\/h2>\n<p>\n\tIm Zuge Ihres Besuches dieser Website werden wir folgende Informationen erheben: Das Datum und die Uhrzeit des Aufrufs einer Seite auf unserer Website, Ihre IP-Adresse, Name und Version Ihres Web-Browsers, die Website (URL), die Sie vor dem Aufruf dieser Website besucht haben, bestimmte Cookies (siehe nachfolgende Punkte) und jene personenbezogenen Daten, die Sie selbst durch Ausf\u00fcllen des Kontaktformulars (Angabe von Name und E-Mail Adresse) bzw. den Inhalt Ihrer E-Mail zur Verf\u00fcgung stellen.\n<\/p>\n<h2><a name=\"pp-data-policy-topic-25\"><\/a>2. Cookies und externe Dienste<\/h2>\n<p>\n\tUnsere Website verwendet unter Umst\u00e4nden Cookies.<br \/>\n\tCookies sind Datens\u00e4tze, die beim Besuch der Website von der Website oder dem Server in Ihrem Browser gespeichert werden und bei jedem Zugriff auf die Website an den Server gesendet werden. Cookies erm\u00f6glichen es, Daten (z.B. Spracheinstellung, Warenkorbinhalt, Login- bzw. Anmeldestatus usw.) zwischen Seitenaufrufen bzw. wiederkehrenden Besuchen im Browser zu speichern. Dh. der Browser merkt sich die Einstellungen vom letzten Aufruf bzw. Besuch der Website.<br \/>\n\tCookies k\u00f6nnen auch dazu verwendet werden Ihren Browser eindeutig zu identifizieren. Dies kann unter anderem zur \u00dcberpr\u00fcfung Ihrer Berechtigung (Login- bzw. Anmeldestatus) verwendet.\n<\/p>\n<p>\n\tWir verwenden ausschlie\u00dflich f\u00fcr den Betrieb der Website und deren Funktionen notwendige, sogenannte essenzielle Cookies, diese Cookies k\u00f6nnen nicht abgelehnt werden. Dies kann folgende Funktionen umfassen: Spracheinstellung, Warenkorb eines Onlineshops, Cookie zur \u00dcberpr\u00fcfung des Loginstatus und andere \u00e4hnliche Cookies. Diese Cookies werden nicht zur Verfolgung (Tracking) des Besuchers verwendet. Die meisten dieser Cookies werden nach dem Schlie\u00dfen des Browsers automatisch gel\u00f6scht (Session-Cookies).\n<\/p>\n<p>\n\tEinige auf unserer Website eingebaute externe Dienste setzen unter Umst\u00e4nden selbst Cookies oder \u00e4hnliche Technologien ein. Vor der Verwendung dieser Dienste werden Sie explizit nach Ihrer Zustimmung zur Datenschutzerkl\u00e4rung des jeweiligen Dienstes befragt. Ihre Zustimmung wird mittels Cookie f\u00fcr bis zu [pp-cookie-banner cookie-duration] in Ihrem Browser gespeichert. Wenn Sie unter 14 Jahre alt sind und Ihre Zustimmung f\u00fcr die Verwendung einer dieser Dienste geben m\u00f6chten, m\u00fcssen Sie Ihre Erziehungsberechtigten um Erlaubnis bitten.\n<\/p>\n<h3>Widerruf der Zustimmung<\/h3>\n<p>\n\tHier haben Sie die M\u00f6glichkeit Ihre zuvor erteilte Zustimmung zu widerrufen:<br \/>\n\t[pp-content-blocker show-all-revocation-links]\n<\/p>\n<h2><a name=\"pp-data-policy-topic-30\"><\/a>3. Kontaktaufnahme<\/h2>\n<p>\n\tWenn Sie mit uns Kontakt via Kontaktformular auf dieser Website, Kommentarfunktion der Website, per E-Mail oder Telefon aufnehmen, erkl\u00e4ren Sie sich mit der \u00dcbermittlung Ihrer unter Punkt 1 genannten pers\u00f6nlichen Daten und Kontaktaufnahme unsererseits per E-Mail oder Telefon einverstanden. Ihre Daten werden ausschlie\u00dflich zur Kontaktaufnahme verwendet und von uns nicht weitergegeben.\n<\/p>\n<h2><a name=\"pp-data-policy-topic-50\"><\/a>4. Verwendete Tools und externe Dienste<\/h2>\n<h3><a name=\"pp-data-policy-topic-50-80\"><\/a>4.1. Google Maps<\/h3>\n<p>\n\tDiese Website verwendet Google Maps f\u00fcr die Darstellung von Karteninformationen. Anbieter ist die Google Ireland Limited, Gordon House, Barrow Street, Dublin 4, Irland. Um Ihnen die aufgerufenen Karten anzeigen zu k\u00f6nnen, wird Ihre IP-Adresse von Google erfasst, welche gegebenenfalls von Google an Server in den USA \u00fcbertragen und dort gespeichert wird. Dar\u00fcber hinaus erfasst Google gegebenenfalls Daten \u00fcber Ihre Nutzung von Google Maps. Bitte lesen Sie vor einer Verwendung der Google Maps-Funktion die Datenschutzrichtlinie von Google sorgf\u00e4ltig. Die Datenschutzrichtlinie von Google finden Sie unter <a href=\"https:\/\/www.google.at\/intl\/de\/policies\/privacy\/\" rel=\"nofollow\">https:\/\/www.google.at\/intl\/de\/policies\/privacy\/<\/a>.\n<\/p>\n<h3><a name=\"pp-data-policy-topic-50-160\"><\/a>4.2. YouTube<\/h3>\n<p>\n\tBeim Besuch unserer Website k\u00f6nnen Sie Videos ansehen, die von YouTube (einem Produkt von Google Ireland Limited, Gordon House, Barrow Street, Dublin 4, Irland) eingebunden werden.<br \/>\n\tUm YouTube Videos anzeigen zu k\u00f6nnen, wird Ihre IP-Adresse von Google erfasst, welche gegebenenfalls von Google an Server in den USA \u00fcbertragen und dort gespeichert wird. Dar\u00fcber hinaus erfasst Google gegebenenfalls Daten \u00fcber Ihre Nutzung von YouTube. Bitte lesen Sie vor der Verwendung von YouTube die Datenschutzrichtlinie von Google sorgf\u00e4ltig. Die Datenschutzrichtlinie und Nutzungsbedingungen erfahren Sie unter <a href=\"https:\/\/www.google.com\/intl\/de\/policies\/privacy\/\" rel=\"nofollow\">https:\/\/www.google.com\/intl\/de\/policies\/privacy\/<\/a>.\n<\/p>\n<h2><a name=\"pp-data-policy-topic-60\"><\/a>5. Zwecke der Datenverarbeitung<\/h2>\n<p>Wir werden Ihre personenbezogenen Daten zu folgenden Zwecken verarbeiten:<\/p>\n<ul>\n<li>um Ihnen diese Website zur Verf\u00fcgung zu stellen und um diese Website weiter zu verbessern und zu entwickeln;<\/li>\n<li>um Nutzungsstatistiken erstellen zu k\u00f6nnen;<\/li>\n<li>um Angriffe auf unsere Website erkennen, verhindern und untersuchen zu k\u00f6nnen;<\/li>\n<li>um auf Ihre Anfrage antworten zu k\u00f6nnen und\/oder zur Durchf\u00fchrung vorvertraglicher Ma\u00dfnahmen;<\/li>\n<li>um den technischen Support der Nutzer zu verbessern;<\/li>\n<li>um auf kosteneffiziente Weise eine leicht zu verwendende Website-Zugriffsstatistik zu erstellen;<\/li>\n<li>um unsere Dienstleistungen bzw. Produkte besser bewerben zu k\u00f6nnen;<\/li>\n<li>um Bewerbungen entgegennehmen zu k\u00f6nnen.<\/li>\n<\/ul>\n<h2><a name=\"pp-data-policy-topic-70\"><\/a>6. Rechtsgrundlage der Verarbeitung<\/h2>\n<p>\n\tDie Verarbeitung Ihrer personenbezogenen Daten (siehe Punkt <a href=\"#pp-data-policy-topic-10\">Welche Daten wir \u00fcber Sie verarbeiten<\/a>) erfolgt ausschlie\u00dflich auf der Rechtsgrundlage\n<\/p>\n<ul>\n<li>\n\t\tder Erf\u00fcllung des Vertrages mit Ihnen und\/oder zur Durchf\u00fchrung vorvertraglicher Ma\u00dfnahmen (Art 6 Abs 1 lit b DSGVO);<br \/>\n\t\tund\/oder\n\t<\/li>\n<li>\n\t\tunseres \u00fcberwiegenden berechtigten Interesses, die im Punkt<br \/>\n\t\t<a href=\"#pp-data-policy-topic-60\">Zwecke der Datenverarbeitung<\/a> genannten Zwecke zu erreichen (Art 6 Abs 1 lit f DSGVO).\n\t<\/li>\n<\/ul>\n<h2><a name=\"pp-data-policy-topic-80\"><\/a>7. \u00dcbermittlung Ihrer personenbezogenen Daten<\/h2>\n<p>\n\tZu den oben genannten Zwecken werden wir Ihre personenbezogenen Daten, unter Umst\u00e4nden zus. abh\u00e4ngig von Ihrer Zustimmung, an folgende Empf\u00e4nger \u00fcbermitteln:\n<\/p>\n<ul>\n<li>von uns eingesetzte IT-Dienstleister<\/li>\n<li>Hosting Provider<\/li>\n<li>an die unter Punkt <a href=\"#pp-data-policy-topic-50\">Verwendete Tools und externe Dienste<\/a> aufgez\u00e4hlten Dienstleister<\/li>\n<\/ul>\n<h2><a name=\"pp-data-policy-topic-90\"><\/a>8. Dauer der Speicherung<\/h2>\n<p>\n\tWir werden Ihre Daten, die durch den Besuch dieser Website von uns verarbeitet werden, grunds\u00e4tzlich f\u00fcr eine Dauer von drei Monaten speichern. Eine l\u00e4ngere Speicherung erfolgt nur, soweit dies erforderlich ist, um festgestellte Angriffe auf unsere Website zu untersuchen.\n<\/p>\n<p>\n\tWenn Sie Ihre personenbezogenen Daten durch das Ausf\u00fcllen von Formularen oder anderer Techniken auf unserer Website an uns \u00fcbermittelt haben, werden wir Ihre Daten jedenfalls so lange speichern, als dies f\u00fcr die Erledigung Ihrer Anfrage geboten erscheint und f\u00fcr gesetzliche Aufbewahrungsfristen und\/oder Verj\u00e4hrungsfristen erforderlich ist.\n<\/p>\n<h2><a name=\"pp-data-policy-topic-100\"><\/a>9. Ihre Rechte<\/h2>\n<p>\n\tIhnen stehen bei Vorliegen der gesetzlichen Voraussetzungen die Rechte auf Auskunft, Berichtigung, L\u00f6schung, Einschr\u00e4nkung der Verarbeitung und Daten\u00fcbertragbarkeit zu. Sofern Sie der Ansicht sind, dass die Verarbeitung Ihrer personenbezogenen Daten nicht rechtm\u00e4\u00dfig erfolgt, k\u00f6nnen Sie sich bei der Datenschutzbeh\u00f6rde (<a href=\"https:\/\/www.dsb.gv.at\/\" rel=\"nofollow\">https:\/\/www.dsb.gv.at\/<\/a>), Wickenburggasse 8, 1080 Wien, <a href=\"mailto:dsb@dsb.gv.at\">dsb@dsb.gv.at<\/a> beschweren.\n<\/p>\n<p>\n\tWenn Sie Fragen im Zusammenhang mit dieser Datenschutzerkl\u00e4rung haben oder Ihre darin aufgef\u00fchrten Rechte in Anspruch nehmen m\u00f6chten, wenden Sie sich bitte per E-Mail an <a href=\"mailto:office@gaube-kosmetik.at\">office@gaube-kosmetik.at<\/a>.\n<\/p>\n<h2><a name=\"pp-data-policy-topic-110\"><\/a>10. Haftungsausschluss<\/h2>\n<p>\n\tDieser Haftungsausschluss ist als Teil des Internetangebotes zu betrachten, von dem aus auf diese Website verwiesen wurde. Sofern Teile oder einzelne Formulierungen dieses Textes der geltenden Rechtslage nicht, nicht mehr oder nicht vollst\u00e4ndig entsprechen sollten, bleiben die \u00fcbrigen Teile des Dokumentes in ihrem Inhalt und ihrer G\u00fcltigkeit davon unber\u00fchrt.\n<\/p>\n<h3><a name=\"pp-data-policy-topic-110-10\"><\/a>10.1. Haftung f\u00fcr Inhalte dieser Webseite<\/h3>\n<p>\n\tDie Inhalte dieser Webseite wurden mit gr\u00f6\u00dftm\u00f6glicher Sorgfalt erstellt. F\u00fcr die Richtigkeit, Vollst\u00e4ndigkeit und Aktualit\u00e4t der Inhalte \u00fcbernehmen wir jedoch keine Gew\u00e4hr. Als Diensteanbieter sind wir f\u00fcr eigene Inhalte auf diesen Seiten nach den allgemeinen Gesetzen verantwortlich. Wir sind jedoch nicht verpflichtet, \u00fcbermittelte oder gespeicherte, fremde Informationen zu \u00fcberwachen oder nach Umst\u00e4nden zu forschen, die auf eine rechtswidrige T\u00e4tigkeit hinweisen. Verpflichtungen zur Entfernung oder Sperrung der Nutzung von Informationen nach den allgemeinen Gesetzen bleiben hiervon unber\u00fchrt. Eine diesbez\u00fcgliche Haftung ist jedoch erst ab dem Zeitpunkt der Kenntnis einer konkreten Rechtsverletzung m\u00f6glich. Bei Bekanntwerden von entsprechenden Rechtsverletzungen werden wir diese Inhalte umgehend entfernen.\n<\/p>\n<h3><a name=\"pp-data-policy-topic-110-20\"><\/a>10.2. Haftung f\u00fcr Links auf Websites Dritter<\/h3>\n<p>\n\tUnser Angebot enth\u00e4lt Links zu externen Websites. Auf den Inhalt dieser externen Websites haben wir keinerlei Einfluss. Deshalb k\u00f6nnen wir f\u00fcr diese fremden Inhalte auch keine Gew\u00e4hr \u00fcbernehmen. F\u00fcr die Inhalte der verlinkten Seiten ist stets der jeweilige Anbieter oder Betreiber der Seiten verantwortlich. Die verlinkten Seiten wurden zum Zeitpunkt der Verlinkung auf m\u00f6gliche Rechtsverst\u00f6\u00dfe \u00fcberpr\u00fcft. Rechtswidrige Inhalte waren zum Zeitpunkt der Verlinkung nicht erkennbar. Eine permanente inhaltliche Kontrolle der verlinkten Seiten ist jedoch ohne konkrete Anhaltspunkte einer Rechtsverletzung nicht zumutbar. Bei Bekanntwerden von Rechtsverletzungen werden wir derartige Links umgehend entfernen.\n<\/p>\n<h3><a name=\"pp-data-policy-topic-110-30\"><\/a>10.3. Urheberrecht<\/h3>\n<p>\n\tDie Betreiber dieser Website sind bem\u00fcht, stets die Urheberrechte anderer zu beachten bzw. auf selbst erstellte sowie lizenzfreie Werke zur\u00fcckzugreifen. Die durch die Seitenbetreiber erstellten Inhalte und Werke auf dieser Website unterliegen dem Urheberrecht. Beitr\u00e4ge Dritter sind als solche gekennzeichnet. Die Vervielf\u00e4ltigung, Bearbeitung, Verbreitung und jede Art der Verwertung au\u00dferhalb der Grenzen des Urheberrechtes bed\u00fcrfen der schriftlichen Zustimmung des jeweiligen Autors bzw. Erstellers. Downloads und Kopien dieser Seite sind nur f\u00fcr den privaten, nicht kommerziellen Gebrauch gestattet.<\/p>\n","protected":false},"excerpt":{"rendered":"<p>Datenschutzerkl\u00e4rung Diese Website wird betrieben von: MS Gaube Kosmetik GmbH, Schwimmschulkai 108, 8010 Graz, &Ouml;sterreich. Diese Mitteilung beschreibt, wie Ihre personenbezogenen Daten im Zusammenhang mit dieser Website verarbeitet werden. Zu den Cookie-\/Datenschutzeinstellungen (Widerruf der Zustimmung) 1. Welche Daten wir \u00fcber Sie verarbeiten Im Zuge Ihres Besuches dieser Website werden wir folgende Informationen erheben: Das Datum [&hellip;]<\/p>\n","protected":false},"author":1,"featured_media":0,"parent":0,"menu_order":0,"comment_status":"closed","ping_status":"closed","template":"","meta":[],"acf":[],"_links":{"self":[{"href":"https:\/\/www.scalp-optic-hair.com\/en\/wp-json\/wp\/v2\/pages\/1069"}],"collection":[{"href":"https:\/\/www.scalp-optic-hair.com\/en\/wp-json\/wp\/v2\/pages"}],"about":[{"href":"https:\/\/www.scalp-optic-hair.com\/en\/wp-json\/wp\/v2\/types\/page"}],"author":[{"embeddable":true,"href":"https:\/\/www.scalp-optic-hair.com\/en\/wp-json\/wp\/v2\/users\/1"}],"replies":[{"embeddable":true,"href":"https:\/\/www.scalp-optic-hair.com\/en\/wp-json\/wp\/v2\/comments?post=1069"}],"version-history":[{"count":5,"href":"https:\/\/www.scalp-optic-hair.com\/en\/wp-json\/wp\/v2\/pages\/1069\/revisions"}],"predecessor-version":[{"id":1086,"href":"https:\/\/www.scalp-optic-hair.com\/en\/wp-json\/wp\/v2\/pages\/1069\/revisions\/1086"}],"wp:attachment":[{"href":"https:\/\/www.scalp-optic-hair.com\/en\/wp-json\/wp\/v2\/media?parent=1069"}],"curies":[{"name":"wp","href":"https:\/\/api.w.org\/{rel}","templated":true}]}}